{"id":2275,"date":"2024-05-21T03:04:41","date_gmt":"2024-05-21T03:04:41","guid":{"rendered":"http:\/\/nababboyachtcharter.com\/cancellation-policy\/"},"modified":"2026-03-13T13:58:35","modified_gmt":"2026-03-13T13:58:35","slug":"cancellation-policy","status":"publish","type":"page","link":"https:\/\/nababboyachtcharter.com\/it\/cancellation-policy\/","title":{"rendered":"Cancellation Policy"},"content":{"rendered":"\t\t<div data-elementor-type=\"wp-page\" data-elementor-id=\"2275\" class=\"elementor elementor-2275 elementor-31\" data-elementor-post-type=\"page\">\n\t\t\t\t<main class=\"elementor-element elementor-element-f9e6413 e-flex e-con-boxed e-con e-parent\" data-id=\"f9e6413\" data-element_type=\"container\" data-e-type=\"container\">\n\t\t\t\t\t<div class=\"e-con-inner\">\n\t\t\t\t<div class=\"elementor-element elementor-element-1a350d0 elementor-widget-divider--view-line elementor-widget elementor-widget-divider\" data-id=\"1a350d0\" data-element_type=\"widget\" data-e-type=\"widget\" data-widget_type=\"divider.default\">\n\t\t\t\t<div class=\"elementor-widget-container\">\n\t\t\t\t\t\t\t<div class=\"elementor-divider\">\n\t\t\t<span class=\"elementor-divider-separator\">\n\t\t\t\t\t\t<\/span>\n\t\t<\/div>\n\t\t\t\t\t\t<\/div>\n\t\t\t\t<\/div>\n\t\t<div class=\"elementor-element elementor-element-7d9932a e-con-full e-flex e-con e-child\" data-id=\"7d9932a\" data-element_type=\"container\" data-e-type=\"container\" data-settings=\"{&quot;background_background&quot;:&quot;classic&quot;}\">\n\t\t\t\t<div class=\"elementor-element elementor-element-8076e3b elementor-widget elementor-widget-heading\" data-id=\"8076e3b\" data-element_type=\"widget\" data-e-type=\"widget\" data-widget_type=\"heading.default\">\n\t\t\t\t<div class=\"elementor-widget-container\">\n\t\t\t\t\t<h1 class=\"elementor-heading-title elementor-size-default\">Politica di cancellazione<\/h1>\t\t\t\t<\/div>\n\t\t\t\t<\/div>\n\t\t\t\t<\/div>\n\t\t<div class=\"elementor-element elementor-element-db7e185 e-con-full e-flex e-con e-child\" data-id=\"db7e185\" data-element_type=\"container\" data-e-type=\"container\">\n\t\t<div class=\"elementor-element elementor-element-775bee5 e-con-full e-flex e-con e-child\" data-id=\"775bee5\" data-element_type=\"container\" data-e-type=\"container\">\n\t\t\t\t<div class=\"elementor-element elementor-element-7559fe7 elementor-widget elementor-widget-heading\" data-id=\"7559fe7\" data-element_type=\"widget\" data-e-type=\"widget\" data-widget_type=\"heading.default\">\n\t\t\t\t<div class=\"elementor-widget-container\">\n\t\t\t\t\t<h3 class=\"elementor-heading-title elementor-size-default\">Condizioni meteorologiche avverse<\/h3>\t\t\t\t<\/div>\n\t\t\t\t<\/div>\n\t\t\t\t<div class=\"elementor-element elementor-element-fed2f80 elementor-widget elementor-widget-text-editor\" data-id=\"fed2f80\" data-element_type=\"widget\" data-e-type=\"widget\" data-widget_type=\"text-editor.default\">\n\t\t\t\t<div class=\"elementor-widget-container\">\n\t\t\t\t\t\t\t\t\tPrima di continuare, va spiegato che la meteorologia non \u00e8 una scienza esatta, soprattutto durante la primavera o la fine dell\u2019estate, quindi non siamo in grado di prendere decisioni definitive fino a 24 ore prima dell\u2019inizio dell\u2019escursione. Nel caso in cui le condizioni meteorologiche siano avverse e impediscano la partenza dell\u2019escursione in barca contrattata, agiremo come segue:\nL\u2019opzione pi\u00f9 logica sarebbe cercare di trovare una data alternativa che possa essere goduta. Nel caso in cui non si possa offrire una data alternativa o che i clienti non possano adattare la loro agenda alla nuova data, procederemo alla restituzione dell\u2019importo totale pagato in anticipo. Il rimborso verr\u00e0 effettuato entro 48 ore, tramite bonifico bancario, sul conto indicato dal cliente, oppure se hai pagato tramite la prenotazione online ti restituiremo automaticamente i soldi, disponibili da Stripe in 5 giorni lavorativi.\nAnche nella stessa giornata cercheremo di adattare l\u2019orario di partenza e di arrivo per evitare possibili maltempo al meglio delle nostre capacit\u00e0. Ad esempio, se le previsioni dicono che piover\u00e0 ininterrottamente dalle 16:00 in poi e abbiamo noleggiato un\u2019escursione di un\u2019intera giornata dalle 10:00 alle 19:30, passeremo a un nuovo programma dalle 10:00 alle 16:00.\nIl cambio di data o orario non comporta alcuna riduzione della tariffa o delle condizioni del contratto a meno che il periodo di tempo dell\u2019escursione non venga ridotto. In questo caso verr\u00e0 applicata la nuova tariffa corrispondente alla nuova durata del tour.\nIn nessun caso sar\u00e0 possibile prendere la decisione di accorciare l\u2019escursione, una volta iniziata, in cambio di una riduzione di prezzo.\nUna volta che una data alternativa \u00e8 stata scelta dai clienti, le stesse politiche di cancellazione verranno applicate alla nuova data.\nNababbo Sail pu\u00f2 decidere di annullare il tour in barca anche lo stesso giorno della prenotazione in caso di maltempo e condizioni del mare, in questo caso sar\u00e0 previsto il rimborso completo. Ci riserviamo il diritto di cancellare qualsiasi crociera in qualsiasi momento a causa di condizioni estreme ritenute non sicure ma terremo sempre informati gli ospiti.\nNel caso in cui le condizioni meteorologiche ci impediscano di avanzare con il viaggio e non riusciamo a trovare una data alternativa, n\u00e9 possiamo offrire un percorso alternativo comodo e sicuro, procederemo alla restituzione dell\u2019importo totale pagato in anticipo. Il rimborso verr\u00e0 effettuato entro 48 ore, tramite bonifico bancario, sul conto indicato dal cliente, oppure se hai pagato tramite la prenotazione online ti restituiremo automaticamente i soldi, disponibili da Stripe in 5 giorni lavorativi.\n\u00c8 molto importante notare che se hai accettato una data alternativa per goderti una giornata con un tempo migliore, per la nuova data verranno applicate le stesse politiche di cancellazione. Ad esempio, se modifichi le date a causa di una qualsiasi delle cause come maltempo, overbooking, upgrade, puoi annullare la nuova data e ottenere un rimborso solo se \u00e8 conforme alle nostre politiche di cancellazione.\t\t\t\t\t\t\t\t<\/div>\n\t\t\t\t<\/div>\n\t\t\t\t<\/div>\n\t\t<div class=\"elementor-element elementor-element-5393e01 e-con-full e-flex e-con e-child\" data-id=\"5393e01\" data-element_type=\"container\" data-e-type=\"container\">\n\t\t\t\t<div class=\"elementor-element elementor-element-7054460 elementor-widget elementor-widget-heading\" data-id=\"7054460\" data-element_type=\"widget\" data-e-type=\"widget\" data-widget_type=\"heading.default\">\n\t\t\t\t<div class=\"elementor-widget-container\">\n\t\t\t\t\t<h3 class=\"elementor-heading-title elementor-size-default\">Gite di un giorno e crociere di pi\u00f9 di 2 giorni<\/h3>\t\t\t\t<\/div>\n\t\t\t\t<\/div>\n\t\t\t\t<div class=\"elementor-element elementor-element-9b0638c elementor-widget elementor-widget-text-editor\" data-id=\"9b0638c\" data-element_type=\"widget\" data-e-type=\"widget\" data-widget_type=\"text-editor.default\">\n\t\t\t\t<div class=\"elementor-widget-container\">\n\t\t\t\t\t\t\t\t\t<p>\u2022 Cancellazione o modifica della prenotazione deve essere comunicata a Nababbo Sail tramite email a <a style=\"color: #d0a249;\" href=\"mailto:info@nababboyachtcharter.com\">info@nababboyachtcharter.com<\/a>.<br \/>\u2022 Nababbo Sail rimborser\u00e0 totalmente l\u2019importo della prenotazione in caso di cancellazione comunicata entro 30 giorni prima della data di prenotazione del viaggio.<br \/>\u2022 Per cancellazioni comunicate entro 7 giorni prima della data di prenotazione della crociera Nababbo Sail tratterr\u00e0 il 50% dell\u2019importo totale.<br \/>\u2022 In caso di mancato arrivo degli ospiti il \u200b\u200bgiorno della prenotazione senza preventiva comunicazione Nababbo Sail tratterr\u00e0 l\u2019intero pagamento.<\/p>\t\t\t\t\t\t\t\t<\/div>\n\t\t\t\t<\/div>\n\t\t\t\t<div class=\"elementor-element elementor-element-8182017 elementor-widget elementor-widget-heading\" data-id=\"8182017\" data-element_type=\"widget\" data-e-type=\"widget\" data-widget_type=\"heading.default\">\n\t\t\t\t<div class=\"elementor-widget-container\">\n\t\t\t\t\t<h3 class=\"elementor-heading-title elementor-size-default\">Rimborsi o rimborsi parziali per qualsiasi altro motivo<\/h3>\t\t\t\t<\/div>\n\t\t\t\t<\/div>\n\t\t\t\t<div class=\"elementor-element elementor-element-728b9e5 elementor-widget elementor-widget-text-editor\" data-id=\"728b9e5\" data-element_type=\"widget\" data-e-type=\"widget\" data-widget_type=\"text-editor.default\">\n\t\t\t\t<div class=\"elementor-widget-container\">\n\t\t\t\t\t\t\t\t\t<p>Facciamo del nostro meglio per avvicinarci il pi\u00f9 possibile alla perfezione ma, come tutti sappiamo, nessuno \u00e8 perfetto! Molto raramente, un cliente pu\u00f2 trovare un dettaglio a bordo che non \u00e8 come avevamo pianificato: un\u2019area che potrebbe non essere pulita a fondo come previsto, un guasto di qualche tipo, servizi promessi e non presentati, un itinerario modificato o abbreviato, ecc. .<br \/>Per favore <strong>NON ASPETTARE FINCH\u00c9 NON RITORNATI A CASA<\/strong> per scriverci un\u2019e-mail con i tuoi reclami.<br \/><strong>PER FAVORE, CHIAMACI MENTRE SEI ANCORA A BORDO IN MODO DA AVERE TEMPO PER RISOLVERE IL PROBLEMA E RISPONDERE A TE<\/strong>.<br \/>Se ritieni che la tua esperienza sia al di sotto delle tue aspettative, per qualsiasi motivo, <strong>CHIAMACI AL PI\u00d9 PRESTO MENTRE SEI A BORDO!<\/strong><br \/>Si prega di notare che abbiamo una politica forte contro i rimborsi o rimborsi parziali se riceviamo la notifica DOPO che il viaggio in barca \u00e8 terminato e non \u00e8 pi\u00f9 possibile risolvere il problema per te.<\/p>\t\t\t\t\t\t\t\t<\/div>\n\t\t\t\t<\/div>\n\t\t\t\t<\/div>\n\t\t\t\t<\/div>\n\t\t\t\t\t<\/div>\n\t\t\t\t<\/main>\n\t\t\t\t<\/div>\n\t\t","protected":false},"excerpt":{"rendered":"<p>Politica di cancellazione Condizioni meteorologiche avverse Prima di continuare, va spiegato che la meteorologia non \u00e8 una scienza esatta, soprattutto durante la primavera o la fine dell\u2019estate, quindi non siamo in grado di prendere decisioni definitive fino a 24 ore prima dell\u2019inizio dell\u2019escursione. Nel caso in cui le condizioni meteorologiche siano avverse e impediscano la [&hellip;]<\/p>\n","protected":false},"author":1,"featured_media":0,"parent":0,"menu_order":0,"comment_status":"closed","ping_status":"closed","template":"","meta":{"_acf_changed":false,"footnotes":""},"class_list":["post-2275","page","type-page","status-publish","hentry"],"acf":[],"_links":{"self":[{"href":"https:\/\/nababboyachtcharter.com\/it\/wp-json\/wp\/v2\/pages\/2275","targetHints":{"allow":["GET"]}}],"collection":[{"href":"https:\/\/nababboyachtcharter.com\/it\/wp-json\/wp\/v2\/pages"}],"about":[{"href":"https:\/\/nababboyachtcharter.com\/it\/wp-json\/wp\/v2\/types\/page"}],"author":[{"embeddable":true,"href":"https:\/\/nababboyachtcharter.com\/it\/wp-json\/wp\/v2\/users\/1"}],"replies":[{"embeddable":true,"href":"https:\/\/nababboyachtcharter.com\/it\/wp-json\/wp\/v2\/comments?post=2275"}],"version-history":[{"count":7,"href":"https:\/\/nababboyachtcharter.com\/it\/wp-json\/wp\/v2\/pages\/2275\/revisions"}],"predecessor-version":[{"id":5422,"href":"https:\/\/nababboyachtcharter.com\/it\/wp-json\/wp\/v2\/pages\/2275\/revisions\/5422"}],"wp:attachment":[{"href":"https:\/\/nababboyachtcharter.com\/it\/wp-json\/wp\/v2\/media?parent=2275"}],"curies":[{"name":"wp","href":"https:\/\/api.w.org\/{rel}","templated":true}]}}