{"id":2266,"date":"2024-05-21T03:03:44","date_gmt":"2024-05-21T03:03:44","guid":{"rendered":"http:\/\/nababboyachtcharter.com\/about-us\/"},"modified":"2026-03-17T09:06:30","modified_gmt":"2026-03-17T09:06:30","slug":"about-us","status":"publish","type":"page","link":"https:\/\/nababboyachtcharter.com\/it\/about-us\/","title":{"rendered":"Chi siamo"},"content":{"rendered":"\t\t<div data-elementor-type=\"wp-page\" data-elementor-id=\"2266\" class=\"elementor elementor-2266 elementor-19\" data-elementor-post-type=\"page\">\n\t\t\t\t<main class=\"elementor-element elementor-element-864df6a e-flex e-con-boxed e-con e-parent\" data-id=\"864df6a\" data-element_type=\"container\" data-e-type=\"container\">\n\t\t\t\t\t<div class=\"e-con-inner\">\n\t\t<div class=\"elementor-element elementor-element-178cc70 e-con-full e-flex e-con e-child\" data-id=\"178cc70\" data-element_type=\"container\" data-e-type=\"container\" data-settings=\"{&quot;background_background&quot;:&quot;classic&quot;}\">\n\t\t\t\t<\/div>\n\t\t<section class=\"elementor-element elementor-element-f713dd3 e-flex e-con-boxed e-con e-child\" data-id=\"f713dd3\" data-element_type=\"container\" data-e-type=\"container\">\n\t\t\t\t\t<div class=\"e-con-inner\">\n\t\t<div class=\"elementor-element elementor-element-d8035ef e-con-full e-flex e-con e-child\" data-id=\"d8035ef\" data-element_type=\"container\" data-e-type=\"container\">\n\t\t\t\t<div class=\"elementor-element elementor-element-7bd429c elementor-widget-divider--view-line elementor-widget elementor-widget-divider\" data-id=\"7bd429c\" data-element_type=\"widget\" data-e-type=\"widget\" data-widget_type=\"divider.default\">\n\t\t\t\t<div class=\"elementor-widget-container\">\n\t\t\t\t\t\t\t<div class=\"elementor-divider\">\n\t\t\t<span class=\"elementor-divider-separator\">\n\t\t\t\t\t\t<\/span>\n\t\t<\/div>\n\t\t\t\t\t\t<\/div>\n\t\t\t\t<\/div>\n\t\t<div class=\"elementor-element elementor-element-cc66ada e-con-full e-flex e-con e-child\" data-id=\"cc66ada\" data-element_type=\"container\" data-e-type=\"container\" data-settings=\"{&quot;background_background&quot;:&quot;classic&quot;}\">\n\t\t\t\t<div class=\"elementor-element elementor-element-d65c56f elementor-widget elementor-widget-heading\" data-id=\"d65c56f\" data-element_type=\"widget\" data-e-type=\"widget\" data-widget_type=\"heading.default\">\n\t\t\t\t<div class=\"elementor-widget-container\">\n\t\t\t\t\t<h1 class=\"elementor-heading-title elementor-size-default\">Benvenuti su Nababbo<\/h1>\t\t\t\t<\/div>\n\t\t\t\t<\/div>\n\t\t\t\t<\/div>\n\t\t\t\t<\/div>\n\t\t\t\t<div class=\"elementor-element elementor-element-8636950 elementor-widget elementor-widget-text-editor\" data-id=\"8636950\" data-element_type=\"widget\" data-e-type=\"widget\" data-widget_type=\"text-editor.default\">\n\t\t\t\t<div class=\"elementor-widget-container\">\n\t\t\t\t\t\t\t\t\t<p>Nababbo non \u00e8 un semplice charter. <strong>\u00c8 un modo di vivere il mare.<\/strong><\/p>\t\t\t\t\t\t\t\t<\/div>\n\t\t\t\t<\/div>\n\t\t\t\t<div class=\"elementor-element elementor-element-6b36028 elementor-widget elementor-widget-text-editor\" data-id=\"6b36028\" data-element_type=\"widget\" data-e-type=\"widget\" data-widget_type=\"text-editor.default\">\n\t\t\t\t<div class=\"elementor-widget-container\">\n\t\t\t\t\t\t\t\t\t<p>Nasce da una storia vera, fatta di passione, scelte coraggiose e miglia vissute sul serio. <strong>Giulia e Francesco<\/strong> non hanno creato <strong>Nababbo<\/strong> per \u201caffittare barche\u201d, ma per <strong>trasformare ogni uscita in un\u2019esperienza che resta addosso<\/strong>.<br \/>Dalla vela, dove tutto \u00e8 iniziato, fino a una flotta selezionata pensata per chi cerca qualcosa di pi\u00f9: <strong>giornate indimenticabili<\/strong>, <strong>eventi esclusivi<\/strong>, momenti da condividere e ricordare. Che sia una <strong>veleggiata<\/strong> autentica, una <strong>festa a bordo<\/strong>, un <strong>weekend<\/strong> di libert\u00e0 o un grande <strong>evento internazionale<\/strong>, Nababbo \u00e8 il punto d\u2019incontro tra mare, emozione e organizzazione impeccabile. Qui nulla \u00e8 improvvisato: ogni barca \u00e8 scelta, vissuta e conosciuta; ogni esperienza \u00e8 costruita su misura, con un <strong>equipaggio professionale e attenzione maniacale ai dettagli<\/strong>.<br \/>Il <strong>mare<\/strong> per noi non \u00e8 uno sfondo: \u00e8 il <strong>protagonista<\/strong>.<\/p>\t\t\t\t\t\t\t\t<\/div>\n\t\t\t\t<\/div>\n\t\t<div class=\"elementor-element elementor-element-085dca4 e-con-full e-flex e-con e-child\" data-id=\"085dca4\" data-element_type=\"container\" data-e-type=\"container\">\n\t\t<div class=\"elementor-element elementor-element-ce045fd e-con-full e-flex e-con e-child\" data-id=\"ce045fd\" data-element_type=\"container\" data-e-type=\"container\" data-settings=\"{&quot;background_background&quot;:&quot;classic&quot;}\">\n\t\t\t\t<\/div>\n\t\t<div class=\"elementor-element elementor-element-c30197f e-con-full e-flex e-con e-child\" data-id=\"c30197f\" data-element_type=\"container\" data-e-type=\"container\" data-settings=\"{&quot;background_background&quot;:&quot;classic&quot;}\">\n\t\t\t\t<\/div>\n\t\t<div class=\"elementor-element elementor-element-174180c e-con-full e-flex e-con e-child\" data-id=\"174180c\" data-element_type=\"container\" data-e-type=\"container\" data-settings=\"{&quot;background_background&quot;:&quot;classic&quot;}\">\n\t\t\t\t<\/div>\n\t\t\t\t<\/div>\n\t\t\t\t\t<\/div>\n\t\t\t\t<\/section>\n\t\t<div class=\"elementor-element elementor-element-a51a32a e-flex e-con-boxed e-con e-child\" data-id=\"a51a32a\" data-element_type=\"container\" data-e-type=\"container\" data-settings=\"{&quot;background_background&quot;:&quot;classic&quot;}\">\n\t\t\t\t\t<div class=\"e-con-inner\">\n\t\t<div class=\"elementor-element elementor-element-caf9f72 e-con-full e-flex e-con e-child\" data-id=\"caf9f72\" data-element_type=\"container\" data-e-type=\"container\">\n\t\t\t\t<div class=\"elementor-element elementor-element-326195b elementor-widget__width-initial elementor-hidden-tablet elementor-hidden-mobile elementor-widget-divider--view-line elementor-widget elementor-widget-divider\" data-id=\"326195b\" data-element_type=\"widget\" data-e-type=\"widget\" data-widget_type=\"divider.default\">\n\t\t\t\t<div class=\"elementor-widget-container\">\n\t\t\t\t\t\t\t<div class=\"elementor-divider\">\n\t\t\t<span class=\"elementor-divider-separator\">\n\t\t\t\t\t\t<\/span>\n\t\t<\/div>\n\t\t\t\t\t\t<\/div>\n\t\t\t\t<\/div>\n\t\t\t\t<div class=\"elementor-element elementor-element-b2b4f5b elementor-widget elementor-widget-heading\" data-id=\"b2b4f5b\" data-element_type=\"widget\" data-e-type=\"widget\" data-widget_type=\"heading.default\">\n\t\t\t\t<div class=\"elementor-widget-container\">\n\t\t\t\t\t<h2 class=\"elementor-heading-title elementor-size-default\">Vivi un\u2019esperienza in barca unica!<\/h2>\t\t\t\t<\/div>\n\t\t\t\t<\/div>\n\t\t\t\t<div class=\"elementor-element elementor-element-fea78ef elementor-widget__width-initial elementor-hidden-tablet elementor-hidden-mobile elementor-widget-divider--view-line elementor-widget elementor-widget-divider\" data-id=\"fea78ef\" data-element_type=\"widget\" data-e-type=\"widget\" data-widget_type=\"divider.default\">\n\t\t\t\t<div class=\"elementor-widget-container\">\n\t\t\t\t\t\t\t<div class=\"elementor-divider\">\n\t\t\t<span class=\"elementor-divider-separator\">\n\t\t\t\t\t\t<\/span>\n\t\t<\/div>\n\t\t\t\t\t\t<\/div>\n\t\t\t\t<\/div>\n\t\t\t\t<\/div>\n\t\t\t\t<div class=\"elementor-element elementor-element-7dc06b9 elementor-widget__width-initial elementor-widget elementor-widget-text-editor\" data-id=\"7dc06b9\" data-element_type=\"widget\" data-e-type=\"widget\" data-widget_type=\"text-editor.default\">\n\t\t\t\t<div class=\"elementor-widget-container\">\n\t\t\t\t\t\t\t\t\t<p>Se sei arrivato fin qui, probabilmente cerchi qualcosa che vada oltre una semplice uscita in barca. <strong>Benvenuto: sei nel posto giusto!<\/strong><\/p>\t\t\t\t\t\t\t\t<\/div>\n\t\t\t\t<\/div>\n\t\t\t\t<div class=\"elementor-element elementor-element-c199298 elementor-widget elementor-widget-button\" data-id=\"c199298\" data-element_type=\"widget\" data-e-type=\"widget\" data-widget_type=\"button.default\">\n\t\t\t\t<div class=\"elementor-widget-container\">\n\t\t\t\t\t\t\t\t\t<div class=\"elementor-button-wrapper\">\n\t\t\t\t\t<a class=\"elementor-button elementor-button-link elementor-size-sm\" href=\"https:\/\/nababboyachtcharter.com\/it\/contact\/\">\n\t\t\t\t\t\t<span class=\"elementor-button-content-wrapper\">\n\t\t\t\t\t\t\t\t\t<span class=\"elementor-button-text\">Richiedi informazioni<\/span>\n\t\t\t\t\t<\/span>\n\t\t\t\t\t<\/a>\n\t\t\t\t<\/div>\n\t\t\t\t\t\t\t\t<\/div>\n\t\t\t\t<\/div>\n\t\t\t\t\t<\/div>\n\t\t\t\t<\/div>\n\t\t<div class=\"elementor-element elementor-element-53a030e e-flex e-con-boxed e-con e-child\" data-id=\"53a030e\" data-element_type=\"container\" data-e-type=\"container\">\n\t\t\t\t\t<div class=\"e-con-inner\">\n\t\t<div class=\"elementor-element elementor-element-0860bb0 e-con-full e-flex e-con e-child\" data-id=\"0860bb0\" data-element_type=\"container\" data-e-type=\"container\">\n\t\t<div class=\"elementor-element elementor-element-cfea922 e-con-full e-flex e-con e-child\" data-id=\"cfea922\" data-element_type=\"container\" data-e-type=\"container\">\n\t\t\t\t<div class=\"elementor-element elementor-element-6c492c3 elementor-widget__width-initial elementor-widget elementor-widget-image\" data-id=\"6c492c3\" data-element_type=\"widget\" data-e-type=\"widget\" data-widget_type=\"image.default\">\n\t\t\t\t<div class=\"elementor-widget-container\">\n\t\t\t\t\t\t\t\t\t\t\t\t\t\t\t<img decoding=\"async\" width=\"100\" height=\"85\" src=\"https:\/\/nababboyachtcharter.com\/wp-content\/uploads\/2026\/02\/icon-hat.png\" class=\"attachment-large size-large wp-image-4962\" alt=\"\" \/>\t\t\t\t\t\t\t\t\t\t\t\t\t\t\t<\/div>\n\t\t\t\t<\/div>\n\t\t\t\t<div class=\"elementor-element elementor-element-b9a7cb3 elementor-widget-divider--view-line elementor-widget elementor-widget-divider\" data-id=\"b9a7cb3\" data-element_type=\"widget\" data-e-type=\"widget\" data-widget_type=\"divider.default\">\n\t\t\t\t<div class=\"elementor-widget-container\">\n\t\t\t\t\t\t\t<div class=\"elementor-divider\">\n\t\t\t<span class=\"elementor-divider-separator\">\n\t\t\t\t\t\t<\/span>\n\t\t<\/div>\n\t\t\t\t\t\t<\/div>\n\t\t\t\t<\/div>\n\t\t<div class=\"elementor-element elementor-element-ed96574 e-con-full e-flex e-con e-child\" data-id=\"ed96574\" data-element_type=\"container\" data-e-type=\"container\">\n\t\t<div class=\"elementor-element elementor-element-300e8fd e-con-full e-flex e-con e-child\" data-id=\"300e8fd\" data-element_type=\"container\" data-e-type=\"container\" data-settings=\"{&quot;background_background&quot;:&quot;classic&quot;}\">\n\t\t\t\t<div class=\"elementor-element elementor-element-5f5fec4 elementor-widget elementor-widget-heading\" data-id=\"5f5fec4\" data-element_type=\"widget\" data-e-type=\"widget\" data-widget_type=\"heading.default\">\n\t\t\t\t<div class=\"elementor-widget-container\">\n\t\t\t\t\t<h2 class=\"elementor-heading-title elementor-size-default\">Giulia<\/h2>\t\t\t\t<\/div>\n\t\t\t\t<\/div>\n\t\t\t\t<\/div>\n\t\t\t\t<\/div>\n\t\t\t\t<div class=\"elementor-element elementor-element-b1980cf elementor-widget elementor-widget-text-editor\" data-id=\"b1980cf\" data-element_type=\"widget\" data-e-type=\"widget\" data-widget_type=\"text-editor.default\">\n\t\t\t\t<div class=\"elementor-widget-container\">\n\t\t\t\t\t\t\t\t\t<em>Charter Manager &#038; Proprietaria<\/em>\t\t\t\t\t\t\t\t<\/div>\n\t\t\t\t<\/div>\n\t\t<div class=\"elementor-element elementor-element-c745615 e-con-full elementor-hidden-desktop e-flex e-con e-child\" data-id=\"c745615\" data-element_type=\"container\" data-e-type=\"container\" data-settings=\"{&quot;background_background&quot;:&quot;classic&quot;}\">\n\t\t\t\t<\/div>\n\t\t\t\t<div class=\"elementor-element elementor-element-dff8cc5 elementor-widget elementor-widget-text-editor\" data-id=\"dff8cc5\" data-element_type=\"widget\" data-e-type=\"widget\" data-widget_type=\"text-editor.default\">\n\t\t\t\t<div class=\"elementor-widget-container\">\n\t\t\t\t\t\t\t\t\t<p><strong>Giulia<\/strong> \u00e8 il <strong>cuore operativo e strategico di Nababbo<\/strong>.<br \/>Charter manager, proprietaria e punto di riferimento per ogni esperienza a bordo, segue il progetto Nababbo in ogni sua fase: dalla <strong>gestione della flotta<\/strong> all\u2019<strong>organizzazione delle esperienze<\/strong>, dal <strong>rapporto con i clienti<\/strong> alla cura dei dettagli che fanno davvero la differenza. Cresciuta in mare, inizia a navigare fin da piccola sulle imbarcazioni del padre. La vela arriva pi\u00f9 tardi, ma diventa subito una scelta di vita.<br \/>Insieme a Francesco trasforma una passione autentica in un <strong>progetto imprenditoriale solido<\/strong>, costruito con esperienza reale, miglia percorse e scelte coraggiose.<br \/><strong>Giulia conosce le barche perch\u00e9 le vive<\/strong>. Le propone perch\u00e9 sa esattamente a chi sono adatte. \u00c8 questo che rende Nababbo diverso: <strong>ogni itinerario, evento o charter nasce da una visione concreta<\/strong>, non da un catalogo.<br \/>Oggi <strong>Giulia coordina attivit\u00e0 di charter, eventi privati e corporate, grandi manifestazioni internazionali e collaborazioni selezionate<\/strong>, mantenendo sempre un approccio umano, diretto e altamente professionale.<br \/>Perch\u00e9 dietro ogni esperienza Nababbo c\u2019\u00e8 qualcuno che il mare lo conosce davvero e lo rispetta.<\/p>\t\t\t\t\t\t\t\t<\/div>\n\t\t\t\t<\/div>\n\t\t\t\t<\/div>\n\t\t<div class=\"elementor-element elementor-element-c71d472 e-con-full elementor-hidden-tablet elementor-hidden-mobile e-flex e-con e-child\" data-id=\"c71d472\" data-element_type=\"container\" data-e-type=\"container\" data-settings=\"{&quot;background_background&quot;:&quot;classic&quot;}\">\n\t\t\t\t<\/div>\n\t\t\t\t<\/div>\n\t\t<div class=\"elementor-element elementor-element-8e179bb e-con-full e-flex e-con e-child\" data-id=\"8e179bb\" data-element_type=\"container\" data-e-type=\"container\">\n\t\t<div class=\"elementor-element elementor-element-15fcc96 e-con-full elementor-hidden-tablet elementor-hidden-mobile e-flex e-con e-child\" data-id=\"15fcc96\" data-element_type=\"container\" data-e-type=\"container\" data-settings=\"{&quot;background_background&quot;:&quot;classic&quot;}\">\n\t\t\t\t<\/div>\n\t\t<div class=\"elementor-element elementor-element-014152d e-con-full e-flex e-con e-child\" data-id=\"014152d\" data-element_type=\"container\" data-e-type=\"container\">\n\t\t\t\t<div class=\"elementor-element elementor-element-95c7c8b elementor-widget__width-initial elementor-widget elementor-widget-image\" data-id=\"95c7c8b\" data-element_type=\"widget\" data-e-type=\"widget\" data-widget_type=\"image.default\">\n\t\t\t\t<div class=\"elementor-widget-container\">\n\t\t\t\t\t\t\t\t\t\t\t\t\t\t\t<img decoding=\"async\" width=\"100\" height=\"85\" src=\"https:\/\/nababboyachtcharter.com\/wp-content\/uploads\/2026\/02\/icon-hat.png\" class=\"attachment-large size-large wp-image-4962\" alt=\"\" \/>\t\t\t\t\t\t\t\t\t\t\t\t\t\t\t<\/div>\n\t\t\t\t<\/div>\n\t\t\t\t<div class=\"elementor-element elementor-element-a3bc7da elementor-widget-divider--view-line elementor-widget elementor-widget-divider\" data-id=\"a3bc7da\" data-element_type=\"widget\" data-e-type=\"widget\" data-widget_type=\"divider.default\">\n\t\t\t\t<div class=\"elementor-widget-container\">\n\t\t\t\t\t\t\t<div class=\"elementor-divider\">\n\t\t\t<span class=\"elementor-divider-separator\">\n\t\t\t\t\t\t<\/span>\n\t\t<\/div>\n\t\t\t\t\t\t<\/div>\n\t\t\t\t<\/div>\n\t\t<div class=\"elementor-element elementor-element-106d55f e-con-full e-flex e-con e-child\" data-id=\"106d55f\" data-element_type=\"container\" data-e-type=\"container\">\n\t\t<div class=\"elementor-element elementor-element-aee1227 e-con-full e-flex e-con e-child\" data-id=\"aee1227\" data-element_type=\"container\" data-e-type=\"container\" data-settings=\"{&quot;background_background&quot;:&quot;classic&quot;}\">\n\t\t\t\t<div class=\"elementor-element elementor-element-502f916 elementor-widget elementor-widget-heading\" data-id=\"502f916\" data-element_type=\"widget\" data-e-type=\"widget\" data-widget_type=\"heading.default\">\n\t\t\t\t<div class=\"elementor-widget-container\">\n\t\t\t\t\t<h2 class=\"elementor-heading-title elementor-size-default\">Francesco<\/h2>\t\t\t\t<\/div>\n\t\t\t\t<\/div>\n\t\t\t\t<\/div>\n\t\t\t\t<\/div>\n\t\t\t\t<div class=\"elementor-element elementor-element-c137284 elementor-widget elementor-widget-text-editor\" data-id=\"c137284\" data-element_type=\"widget\" data-e-type=\"widget\" data-widget_type=\"text-editor.default\">\n\t\t\t\t<div class=\"elementor-widget-container\">\n\t\t\t\t\t\t\t\t\t<em>Comandante &#038; Proprietario<\/em>\t\t\t\t\t\t\t\t<\/div>\n\t\t\t\t<\/div>\n\t\t<div class=\"elementor-element elementor-element-6d04a20 e-con-full elementor-hidden-desktop e-flex e-con e-child\" data-id=\"6d04a20\" data-element_type=\"container\" data-e-type=\"container\" data-settings=\"{&quot;background_background&quot;:&quot;classic&quot;}\">\n\t\t\t\t<\/div>\n\t\t\t\t<div class=\"elementor-element elementor-element-3d410b2 elementor-widget elementor-widget-text-editor\" data-id=\"3d410b2\" data-element_type=\"widget\" data-e-type=\"widget\" data-widget_type=\"text-editor.default\">\n\t\t\t\t<div class=\"elementor-widget-container\">\n\t\t\t\t\t\t\t\t\t<p><strong>Francesco<\/strong> oggi \u00e8 il <strong>supervisore tecnico e operativo della flotta Nababbo<\/strong>. \u00c8 colui che controlla, verifica, anticipa problemi e garantisce che ogni barca, ogni uscita e ogni esperienza rispettino standard altissimi di sicurezza, affidabilit\u00e0 e performance. In pratica: se qualcosa funziona alla perfezione, c\u2019\u00e8 la sua mano dietro.<br \/>Si concede anche di essere l\u2019unico capitano dell\u2019amore della sua vita. (<em>No, non \u00e8 Giulia\u2026\u00c8 \u201cNababbo\u201d<\/em>).<br \/><strong>Naviga da sempre<\/strong>. Dalle barche di famiglia alle barche d\u2019altura, dalle regate nel Mediterraneo alla conduzione di yacht a motore, Francesco porta con s\u00e9 un\u2019esperienza concreta, tecnica e vissuta, mai teorica.<br \/>\u00c8 in possesso dei <strong>massimi titoli e certificazioni professionali per la navigazione, vela e motore<\/strong>, ed \u00e8 il riferimento assoluto per tutto ci\u00f2 che riguarda mare, barche, meteo, rotte, sicurezza e gestione a bordo.<br \/>C\u2019\u00e8 una cosa che lo distingue pi\u00f9 di ogni altra: non esiste domanda a cui Francesco non sappia rispondere.<br \/>E non lo troverai mai impreparato.<\/p>\t\t\t\t\t\t\t\t<\/div>\n\t\t\t\t<\/div>\n\t\t\t\t<\/div>\n\t\t\t\t<\/div>\n\t\t\t\t\t<\/div>\n\t\t\t\t<\/div>\n\t\t<div class=\"elementor-element elementor-element-3a8dc7b e-con-full e-flex e-con e-child\" data-id=\"3a8dc7b\" data-element_type=\"container\" data-e-type=\"container\">\n\t\t\t\t<div class=\"elementor-element elementor-element-0e3d239 elementor-widget__width-initial elementor-widget elementor-widget-image\" data-id=\"0e3d239\" data-element_type=\"widget\" data-e-type=\"widget\" data-widget_type=\"image.default\">\n\t\t\t\t<div class=\"elementor-widget-container\">\n\t\t\t\t\t\t\t\t\t\t\t\t\t\t\t<img fetchpriority=\"high\" decoding=\"async\" width=\"987\" height=\"250\" src=\"https:\/\/nababboyachtcharter.com\/wp-content\/uploads\/2026\/03\/logo-supernova-1.png\" class=\"attachment-full size-full wp-image-5609\" alt=\"\" srcset=\"https:\/\/nababboyachtcharter.com\/wp-content\/uploads\/2026\/03\/logo-supernova-1.png 987w, https:\/\/nababboyachtcharter.com\/wp-content\/uploads\/2026\/03\/logo-supernova-1-300x76.png 300w, https:\/\/nababboyachtcharter.com\/wp-content\/uploads\/2026\/03\/logo-supernova-1-768x195.png 768w\" sizes=\"(max-width: 987px) 100vw, 987px\" \/>\t\t\t\t\t\t\t\t\t\t\t\t\t\t\t<\/div>\n\t\t\t\t<\/div>\n\t\t\t\t<div class=\"elementor-element elementor-element-bfc6d42 elementor-widget__width-initial elementor-widget elementor-widget-image\" data-id=\"bfc6d42\" data-element_type=\"widget\" data-e-type=\"widget\" data-widget_type=\"image.default\">\n\t\t\t\t<div class=\"elementor-widget-container\">\n\t\t\t\t\t\t\t\t\t\t\t\t\t\t\t<img decoding=\"async\" width=\"182\" height=\"293\" src=\"https:\/\/nababboyachtcharter.com\/wp-content\/uploads\/2026\/03\/logo-golf-sestrieres-1.png\" class=\"attachment-full size-full wp-image-5612\" alt=\"\" \/>\t\t\t\t\t\t\t\t\t\t\t\t\t\t\t<\/div>\n\t\t\t\t<\/div>\n\t\t\t\t<div class=\"elementor-element elementor-element-a454b41 elementor-widget__width-initial elementor-widget elementor-widget-image\" data-id=\"a454b41\" data-element_type=\"widget\" data-e-type=\"widget\" data-widget_type=\"image.default\">\n\t\t\t\t<div class=\"elementor-widget-container\">\n\t\t\t\t\t\t\t\t\t\t\t\t\t\t\t<img loading=\"lazy\" decoding=\"async\" width=\"348\" height=\"226\" src=\"https:\/\/nababboyachtcharter.com\/wp-content\/uploads\/2026\/03\/nababbo-about-logo-5.png\" class=\"attachment-full size-full wp-image-5526\" alt=\"\" srcset=\"https:\/\/nababboyachtcharter.com\/wp-content\/uploads\/2026\/03\/nababbo-about-logo-5.png 348w, https:\/\/nababboyachtcharter.com\/wp-content\/uploads\/2026\/03\/nababbo-about-logo-5-300x195.png 300w\" sizes=\"(max-width: 348px) 100vw, 348px\" \/>\t\t\t\t\t\t\t\t\t\t\t\t\t\t\t<\/div>\n\t\t\t\t<\/div>\n\t\t\t\t<div class=\"elementor-element elementor-element-4a790cb elementor-widget__width-initial elementor-widget elementor-widget-image\" data-id=\"4a790cb\" data-element_type=\"widget\" data-e-type=\"widget\" data-widget_type=\"image.default\">\n\t\t\t\t<div class=\"elementor-widget-container\">\n\t\t\t\t\t\t\t\t\t\t\t\t\t\t\t<img loading=\"lazy\" decoding=\"async\" width=\"102\" height=\"230\" src=\"https:\/\/nababboyachtcharter.com\/wp-content\/uploads\/2026\/03\/nababbo-about-logo-7-1.png\" class=\"attachment-full size-full wp-image-5529\" alt=\"\" \/>\t\t\t\t\t\t\t\t\t\t\t\t\t\t\t<\/div>\n\t\t\t\t<\/div>\n\t\t\t\t<\/div>\n\t\t\t\t\t<\/div>\n\t\t\t\t<\/main>\n\t\t\t\t<\/div>\n\t\t","protected":false},"excerpt":{"rendered":"<p>Benvenuti su Nababbo Nababbo non \u00e8 un semplice charter. \u00c8 un modo di vivere il mare. Nasce da una storia vera, fatta di passione, scelte coraggiose e miglia vissute sul serio. Giulia e Francesco non hanno creato Nababbo per \u201caffittare barche\u201d, ma per trasformare ogni uscita in un\u2019esperienza che resta addosso.Dalla vela, dove tutto \u00e8 [&hellip;]<\/p>\n","protected":false},"author":1,"featured_media":0,"parent":0,"menu_order":0,"comment_status":"closed","ping_status":"closed","template":"","meta":{"_acf_changed":false,"footnotes":""},"class_list":["post-2266","page","type-page","status-publish","hentry"],"acf":[],"_links":{"self":[{"href":"https:\/\/nababboyachtcharter.com\/it\/wp-json\/wp\/v2\/pages\/2266","targetHints":{"allow":["GET"]}}],"collection":[{"href":"https:\/\/nababboyachtcharter.com\/it\/wp-json\/wp\/v2\/pages"}],"about":[{"href":"https:\/\/nababboyachtcharter.com\/it\/wp-json\/wp\/v2\/types\/page"}],"author":[{"embeddable":true,"href":"https:\/\/nababboyachtcharter.com\/it\/wp-json\/wp\/v2\/users\/1"}],"replies":[{"embeddable":true,"href":"https:\/\/nababboyachtcharter.com\/it\/wp-json\/wp\/v2\/comments?post=2266"}],"version-history":[{"count":36,"href":"https:\/\/nababboyachtcharter.com\/it\/wp-json\/wp\/v2\/pages\/2266\/revisions"}],"predecessor-version":[{"id":5618,"href":"https:\/\/nababboyachtcharter.com\/it\/wp-json\/wp\/v2\/pages\/2266\/revisions\/5618"}],"wp:attachment":[{"href":"https:\/\/nababboyachtcharter.com\/it\/wp-json\/wp\/v2\/media?parent=2266"}],"curies":[{"name":"wp","href":"https:\/\/api.w.org\/{rel}","templated":true}]}}