{"id":2608,"date":"2024-05-21T03:03:44","date_gmt":"2024-05-21T03:03:44","guid":{"rendered":"http:\/\/nababboyachtcharter.com\/a-propos-de-nous\/"},"modified":"2026-03-17T09:05:13","modified_gmt":"2026-03-17T09:05:13","slug":"a-propos-de-nous","status":"publish","type":"page","link":"https:\/\/nababboyachtcharter.com\/fr\/a-propos-de-nous\/","title":{"rendered":"\u00c0 propos de nous"},"content":{"rendered":"\t\t<div data-elementor-type=\"wp-page\" data-elementor-id=\"2608\" class=\"elementor elementor-2608 elementor-19\" data-elementor-post-type=\"page\">\n\t\t\t\t<main class=\"elementor-element elementor-element-51bec58 e-flex e-con-boxed e-con e-parent\" data-id=\"51bec58\" data-element_type=\"container\" data-e-type=\"container\">\n\t\t\t\t\t<div class=\"e-con-inner\">\n\t\t<div class=\"elementor-element elementor-element-8f5aacb e-con-full e-flex e-con e-child\" data-id=\"8f5aacb\" data-element_type=\"container\" data-e-type=\"container\" data-settings=\"{&quot;background_background&quot;:&quot;classic&quot;}\">\n\t\t\t\t<\/div>\n\t\t<section class=\"elementor-element elementor-element-cfa0735 e-flex e-con-boxed e-con e-child\" data-id=\"cfa0735\" data-element_type=\"container\" data-e-type=\"container\">\n\t\t\t\t\t<div class=\"e-con-inner\">\n\t\t<div class=\"elementor-element elementor-element-be23af0 e-con-full e-flex e-con e-child\" data-id=\"be23af0\" data-element_type=\"container\" data-e-type=\"container\">\n\t\t\t\t<div class=\"elementor-element elementor-element-d1cd3c3 elementor-widget-divider--view-line elementor-widget elementor-widget-divider\" data-id=\"d1cd3c3\" data-element_type=\"widget\" data-e-type=\"widget\" data-widget_type=\"divider.default\">\n\t\t\t\t<div class=\"elementor-widget-container\">\n\t\t\t\t\t\t\t<div class=\"elementor-divider\">\n\t\t\t<span class=\"elementor-divider-separator\">\n\t\t\t\t\t\t<\/span>\n\t\t<\/div>\n\t\t\t\t\t\t<\/div>\n\t\t\t\t<\/div>\n\t\t<div class=\"elementor-element elementor-element-e2d1722 e-con-full e-flex e-con e-child\" data-id=\"e2d1722\" data-element_type=\"container\" data-e-type=\"container\" data-settings=\"{&quot;background_background&quot;:&quot;classic&quot;}\">\n\t\t\t\t<div class=\"elementor-element elementor-element-7c0be7b elementor-widget elementor-widget-heading\" data-id=\"7c0be7b\" data-element_type=\"widget\" data-e-type=\"widget\" data-widget_type=\"heading.default\">\n\t\t\t\t<div class=\"elementor-widget-container\">\n\t\t\t\t\t<h1 class=\"elementor-heading-title elementor-size-default\">Bienvenue \u00e0 Nababbo<\/h1>\t\t\t\t<\/div>\n\t\t\t\t<\/div>\n\t\t\t\t<\/div>\n\t\t\t\t<\/div>\n\t\t\t\t<div class=\"elementor-element elementor-element-b17503a elementor-widget elementor-widget-text-editor\" data-id=\"b17503a\" data-element_type=\"widget\" data-e-type=\"widget\" data-widget_type=\"text-editor.default\">\n\t\t\t\t<div class=\"elementor-widget-container\">\n\t\t\t\t\t\t\t\t\t<p>Nababbo n\u2019est pas seulement un service de charter. <strong>C\u2019est une fa\u00e7on de vivre la mer<\/strong>.<\/p>\t\t\t\t\t\t\t\t<\/div>\n\t\t\t\t<\/div>\n\t\t\t\t<div class=\"elementor-element elementor-element-23a2e3d elementor-widget elementor-widget-text-editor\" data-id=\"23a2e3d\" data-element_type=\"widget\" data-e-type=\"widget\" data-widget_type=\"text-editor.default\">\n\t\t\t\t<div class=\"elementor-widget-container\">\n\t\t\t\t\t\t\t\t\t<p>Tout est n\u00e9 d\u2019une histoire vraie, fa\u00e7onn\u00e9e par la passion, des choix audacieux et des milles r\u00e9ellement v\u00e9cus en mer. <strong>Giulia et Francesco<\/strong> n\u2019ont pas cr\u00e9\u00e9 Nababbo pour \u00ab louer des bateaux \u00bb, mais pour <strong>transformer chaque sortie en une exp\u00e9rience qui reste avec vous<\/strong>.<\/p><p>De la voile, l\u00e0 o\u00f9 tout a commenc\u00e9, \u00e0 une flotte soigneusement s\u00e9lectionn\u00e9e et pens\u00e9e pour ceux qui recherchent quelque chose de plus : des <strong>journ\u00e9es inoubliables, des \u00e9v\u00e9nements exclusifs<\/strong>, des moments \u00e0 partager et \u00e0 garder en m\u00e9moire. Qu\u2019il s\u2019agisse d\u2019une <strong>exp\u00e9rience authentique de voile<\/strong>, d\u2019une <strong>f\u00eate \u00e0 bord<\/strong>, d\u2019un <strong>week-end de libert\u00e9<\/strong> ou d\u2019un grand <strong>\u00e9v\u00e9nement international<\/strong>, Nababbo est l\u2019endroit o\u00f9 la mer, l\u2019\u00e9motion et une organisation irr\u00e9prochable se rencontrent. Ici, rien n\u2019est improvis\u00e9 : chaque bateau est choisi, v\u00e9cu et parfaitement connu ; chaque exp\u00e9rience est sur mesure, avec un <strong>\u00e9quipage professionnel et une attention m\u00e9ticuleuse aux d\u00e9tails<\/strong>.<\/p><p>Pour nous, la <strong>mer<\/strong> n\u2019est pas un d\u00e9cor : elle est la v\u00e9ritable <strong>protagoniste<\/strong>.<\/p>\t\t\t\t\t\t\t\t<\/div>\n\t\t\t\t<\/div>\n\t\t<div class=\"elementor-element elementor-element-e635c53 e-con-full e-flex e-con e-child\" data-id=\"e635c53\" data-element_type=\"container\" data-e-type=\"container\">\n\t\t<div class=\"elementor-element elementor-element-34f3259 e-con-full e-flex e-con e-child\" data-id=\"34f3259\" data-element_type=\"container\" data-e-type=\"container\" data-settings=\"{&quot;background_background&quot;:&quot;classic&quot;}\">\n\t\t\t\t<\/div>\n\t\t<div class=\"elementor-element elementor-element-cdf8591 e-con-full e-flex e-con e-child\" data-id=\"cdf8591\" data-element_type=\"container\" data-e-type=\"container\" data-settings=\"{&quot;background_background&quot;:&quot;classic&quot;}\">\n\t\t\t\t<\/div>\n\t\t<div class=\"elementor-element elementor-element-33f6dd3 e-con-full e-flex e-con e-child\" data-id=\"33f6dd3\" data-element_type=\"container\" data-e-type=\"container\" data-settings=\"{&quot;background_background&quot;:&quot;classic&quot;}\">\n\t\t\t\t<\/div>\n\t\t\t\t<\/div>\n\t\t\t\t\t<\/div>\n\t\t\t\t<\/section>\n\t\t<div class=\"elementor-element elementor-element-3027d52 e-flex e-con-boxed e-con e-child\" data-id=\"3027d52\" data-element_type=\"container\" data-e-type=\"container\" data-settings=\"{&quot;background_background&quot;:&quot;classic&quot;}\">\n\t\t\t\t\t<div class=\"e-con-inner\">\n\t\t<div class=\"elementor-element elementor-element-60400e3 e-con-full e-flex e-con e-child\" data-id=\"60400e3\" data-element_type=\"container\" data-e-type=\"container\">\n\t\t\t\t<div class=\"elementor-element elementor-element-fd93e3e elementor-widget__width-initial elementor-hidden-tablet elementor-hidden-mobile elementor-widget-divider--view-line elementor-widget elementor-widget-divider\" data-id=\"fd93e3e\" data-element_type=\"widget\" data-e-type=\"widget\" data-widget_type=\"divider.default\">\n\t\t\t\t<div class=\"elementor-widget-container\">\n\t\t\t\t\t\t\t<div class=\"elementor-divider\">\n\t\t\t<span class=\"elementor-divider-separator\">\n\t\t\t\t\t\t<\/span>\n\t\t<\/div>\n\t\t\t\t\t\t<\/div>\n\t\t\t\t<\/div>\n\t\t\t\t<div class=\"elementor-element elementor-element-f144e15 elementor-widget elementor-widget-heading\" data-id=\"f144e15\" data-element_type=\"widget\" data-e-type=\"widget\" data-widget_type=\"heading.default\">\n\t\t\t\t<div class=\"elementor-widget-container\">\n\t\t\t\t\t<h2 class=\"elementor-heading-title elementor-size-default\">Vivez une exp\u00e9rience de navigation unique !<\/h2>\t\t\t\t<\/div>\n\t\t\t\t<\/div>\n\t\t\t\t<div class=\"elementor-element elementor-element-5ce9c55 elementor-widget__width-initial elementor-hidden-tablet elementor-hidden-mobile elementor-widget-divider--view-line elementor-widget elementor-widget-divider\" data-id=\"5ce9c55\" data-element_type=\"widget\" data-e-type=\"widget\" data-widget_type=\"divider.default\">\n\t\t\t\t<div class=\"elementor-widget-container\">\n\t\t\t\t\t\t\t<div class=\"elementor-divider\">\n\t\t\t<span class=\"elementor-divider-separator\">\n\t\t\t\t\t\t<\/span>\n\t\t<\/div>\n\t\t\t\t\t\t<\/div>\n\t\t\t\t<\/div>\n\t\t\t\t<\/div>\n\t\t\t\t<div class=\"elementor-element elementor-element-8d4832b elementor-widget__width-initial elementor-widget elementor-widget-text-editor\" data-id=\"8d4832b\" data-element_type=\"widget\" data-e-type=\"widget\" data-widget_type=\"text-editor.default\">\n\t\t\t\t<div class=\"elementor-widget-container\">\n\t\t\t\t\t\t\t\t\t<p>Si vous \u00eates arriv\u00e9 jusqu\u2019ici, c\u2019est probablement que vous cherchez quelque chose qui va au-del\u00e0 d\u2019une simple sortie en bateau. Bienvenue \u2014 vous \u00eates au bon endroit !<\/p>\t\t\t\t\t\t\t\t<\/div>\n\t\t\t\t<\/div>\n\t\t\t\t<div class=\"elementor-element elementor-element-960babe elementor-widget elementor-widget-button\" data-id=\"960babe\" data-element_type=\"widget\" data-e-type=\"widget\" data-widget_type=\"button.default\">\n\t\t\t\t<div class=\"elementor-widget-container\">\n\t\t\t\t\t\t\t\t\t<div class=\"elementor-button-wrapper\">\n\t\t\t\t\t<a class=\"elementor-button elementor-button-link elementor-size-sm\" href=\"https:\/\/nababboyachtcharter.com\/fr\/contact\/\">\n\t\t\t\t\t\t<span class=\"elementor-button-content-wrapper\">\n\t\t\t\t\t\t\t\t\t<span class=\"elementor-button-text\">Demande d'informations<\/span>\n\t\t\t\t\t<\/span>\n\t\t\t\t\t<\/a>\n\t\t\t\t<\/div>\n\t\t\t\t\t\t\t\t<\/div>\n\t\t\t\t<\/div>\n\t\t\t\t\t<\/div>\n\t\t\t\t<\/div>\n\t\t<div class=\"elementor-element elementor-element-1547200 e-flex e-con-boxed e-con e-child\" data-id=\"1547200\" data-element_type=\"container\" data-e-type=\"container\">\n\t\t\t\t\t<div class=\"e-con-inner\">\n\t\t<div class=\"elementor-element elementor-element-1aa756b e-con-full e-flex e-con e-child\" data-id=\"1aa756b\" data-element_type=\"container\" data-e-type=\"container\">\n\t\t<div class=\"elementor-element elementor-element-5d88793 e-con-full e-flex e-con e-child\" data-id=\"5d88793\" data-element_type=\"container\" data-e-type=\"container\">\n\t\t\t\t<div class=\"elementor-element elementor-element-da8730e elementor-widget__width-initial elementor-widget elementor-widget-image\" data-id=\"da8730e\" data-element_type=\"widget\" data-e-type=\"widget\" data-widget_type=\"image.default\">\n\t\t\t\t<div class=\"elementor-widget-container\">\n\t\t\t\t\t\t\t\t\t\t\t\t\t\t\t<img decoding=\"async\" width=\"100\" height=\"85\" src=\"https:\/\/nababboyachtcharter.com\/wp-content\/uploads\/2026\/02\/icon-hat.png\" class=\"attachment-large size-large wp-image-4961\" alt=\"\" \/>\t\t\t\t\t\t\t\t\t\t\t\t\t\t\t<\/div>\n\t\t\t\t<\/div>\n\t\t\t\t<div class=\"elementor-element elementor-element-472ca59 elementor-widget-divider--view-line elementor-widget elementor-widget-divider\" data-id=\"472ca59\" data-element_type=\"widget\" data-e-type=\"widget\" data-widget_type=\"divider.default\">\n\t\t\t\t<div class=\"elementor-widget-container\">\n\t\t\t\t\t\t\t<div class=\"elementor-divider\">\n\t\t\t<span class=\"elementor-divider-separator\">\n\t\t\t\t\t\t<\/span>\n\t\t<\/div>\n\t\t\t\t\t\t<\/div>\n\t\t\t\t<\/div>\n\t\t<div class=\"elementor-element elementor-element-690831f e-con-full e-flex e-con e-child\" data-id=\"690831f\" data-element_type=\"container\" data-e-type=\"container\">\n\t\t<div class=\"elementor-element elementor-element-b87ce8d e-con-full e-flex e-con e-child\" data-id=\"b87ce8d\" data-element_type=\"container\" data-e-type=\"container\" data-settings=\"{&quot;background_background&quot;:&quot;classic&quot;}\">\n\t\t\t\t<div class=\"elementor-element elementor-element-096b056 elementor-widget elementor-widget-heading\" data-id=\"096b056\" data-element_type=\"widget\" data-e-type=\"widget\" data-widget_type=\"heading.default\">\n\t\t\t\t<div class=\"elementor-widget-container\">\n\t\t\t\t\t<h2 class=\"elementor-heading-title elementor-size-default\">Giulia<\/h2>\t\t\t\t<\/div>\n\t\t\t\t<\/div>\n\t\t\t\t<\/div>\n\t\t\t\t<\/div>\n\t\t\t\t<div class=\"elementor-element elementor-element-e5e800f elementor-widget elementor-widget-text-editor\" data-id=\"e5e800f\" data-element_type=\"widget\" data-e-type=\"widget\" data-widget_type=\"text-editor.default\">\n\t\t\t\t<div class=\"elementor-widget-container\">\n\t\t\t\t\t\t\t\t\t<p><em>Gestionnaire de charters et propri\u00e9taire<\/em><\/p>\t\t\t\t\t\t\t\t<\/div>\n\t\t\t\t<\/div>\n\t\t<div class=\"elementor-element elementor-element-573de8b e-con-full elementor-hidden-desktop e-flex e-con e-child\" data-id=\"573de8b\" data-element_type=\"container\" data-e-type=\"container\" data-settings=\"{&quot;background_background&quot;:&quot;classic&quot;}\">\n\t\t\t\t<\/div>\n\t\t\t\t<div class=\"elementor-element elementor-element-5806d34 elementor-widget elementor-widget-text-editor\" data-id=\"5806d34\" data-element_type=\"widget\" data-e-type=\"widget\" data-widget_type=\"text-editor.default\">\n\t\t\t\t<div class=\"elementor-widget-container\">\n\t\t\t\t\t\t\t\t\t<p><strong>Giulia<\/strong> est le <strong>c\u0153ur op\u00e9rationnel et strat\u00e9gique de Nababbo<\/strong>.<br \/>En tant que Charter Manager, propri\u00e9taire et point de r\u00e9f\u00e9rence pour chaque exp\u00e9rience \u00e0 bord, elle supervise le projet Nababbo \u00e0 chaque \u00e9tape : de la <strong>gestion de la flotte<\/strong> \u00e0 la <strong>planification des exp\u00e9riences<\/strong>, des <strong>relations avec les clients<\/strong> au soin apport\u00e9 aux d\u00e9tails qui font v\u00e9ritablement la diff\u00e9rence.<br \/>Ayant grandi en mer, elle a commenc\u00e9 \u00e0 naviguer tr\u00e8s jeune sur les bateaux de son p\u00e8re. La voile est venue plus tard, mais elle est rapidement devenue un v\u00e9ritable choix de vie.<br \/>Avec Francesco, elle a transform\u00e9 une passion authentique en un <strong>projet entrepreneurial solide<\/strong>, fond\u00e9 sur une exp\u00e9rience r\u00e9elle, des milles parcourus et des d\u00e9cisions audacieuses.<br \/><strong>Giulia conna\u00eet les bateaux parce qu\u2019elle les vit<\/strong>. Elle les recommande parce qu\u2019elle sait exactement \u00e0 qui ils conviennent. C\u2019est ce qui rend Nababbo diff\u00e9rent : <strong>chaque itin\u00e9raire, \u00e9v\u00e9nement ou charter na\u00eet d\u2019une vision concr\u00e8te<\/strong>, et non d\u2019un catalogue.<br \/>Aujourd\u2019hui, <strong>Giulia coordonne les activit\u00e9s de charter, les \u00e9v\u00e9nements priv\u00e9s et d\u2019entreprise, les grandes occasions internationales et des partenariats s\u00e9lectionn\u00e9s<\/strong>, en conservant toujours une approche humaine, directe et hautement professionnelle.<br \/>Parce que derri\u00e8re chaque exp\u00e9rience Nababbo, il y a quelqu\u2019un qui conna\u00eet vraiment la mer et la respecte.<\/p>\t\t\t\t\t\t\t\t<\/div>\n\t\t\t\t<\/div>\n\t\t\t\t<\/div>\n\t\t<div class=\"elementor-element elementor-element-b203e8d e-con-full elementor-hidden-tablet elementor-hidden-mobile e-flex e-con e-child\" data-id=\"b203e8d\" data-element_type=\"container\" data-e-type=\"container\" data-settings=\"{&quot;background_background&quot;:&quot;classic&quot;}\">\n\t\t\t\t<\/div>\n\t\t\t\t<\/div>\n\t\t<div class=\"elementor-element elementor-element-ffcace2 e-con-full e-flex e-con e-child\" data-id=\"ffcace2\" data-element_type=\"container\" data-e-type=\"container\">\n\t\t<div class=\"elementor-element elementor-element-8afd9b7 e-con-full elementor-hidden-tablet elementor-hidden-mobile e-flex e-con e-child\" data-id=\"8afd9b7\" data-element_type=\"container\" data-e-type=\"container\" data-settings=\"{&quot;background_background&quot;:&quot;classic&quot;}\">\n\t\t\t\t<\/div>\n\t\t<div class=\"elementor-element elementor-element-bdce5e6 e-con-full e-flex e-con e-child\" data-id=\"bdce5e6\" data-element_type=\"container\" data-e-type=\"container\">\n\t\t\t\t<div class=\"elementor-element elementor-element-1f0b822 elementor-widget__width-initial elementor-widget elementor-widget-image\" data-id=\"1f0b822\" data-element_type=\"widget\" data-e-type=\"widget\" data-widget_type=\"image.default\">\n\t\t\t\t<div class=\"elementor-widget-container\">\n\t\t\t\t\t\t\t\t\t\t\t\t\t\t\t<img decoding=\"async\" width=\"100\" height=\"85\" src=\"https:\/\/nababboyachtcharter.com\/wp-content\/uploads\/2026\/02\/icon-hat.png\" class=\"attachment-large size-large wp-image-4961\" alt=\"\" \/>\t\t\t\t\t\t\t\t\t\t\t\t\t\t\t<\/div>\n\t\t\t\t<\/div>\n\t\t\t\t<div class=\"elementor-element elementor-element-7b19814 elementor-widget-divider--view-line elementor-widget elementor-widget-divider\" data-id=\"7b19814\" data-element_type=\"widget\" data-e-type=\"widget\" data-widget_type=\"divider.default\">\n\t\t\t\t<div class=\"elementor-widget-container\">\n\t\t\t\t\t\t\t<div class=\"elementor-divider\">\n\t\t\t<span class=\"elementor-divider-separator\">\n\t\t\t\t\t\t<\/span>\n\t\t<\/div>\n\t\t\t\t\t\t<\/div>\n\t\t\t\t<\/div>\n\t\t<div class=\"elementor-element elementor-element-31dc6c5 e-con-full e-flex e-con e-child\" data-id=\"31dc6c5\" data-element_type=\"container\" data-e-type=\"container\">\n\t\t<div class=\"elementor-element elementor-element-6137a95 e-con-full e-flex e-con e-child\" data-id=\"6137a95\" data-element_type=\"container\" data-e-type=\"container\" data-settings=\"{&quot;background_background&quot;:&quot;classic&quot;}\">\n\t\t\t\t<div class=\"elementor-element elementor-element-b53a130 elementor-widget elementor-widget-heading\" data-id=\"b53a130\" data-element_type=\"widget\" data-e-type=\"widget\" data-widget_type=\"heading.default\">\n\t\t\t\t<div class=\"elementor-widget-container\">\n\t\t\t\t\t<h2 class=\"elementor-heading-title elementor-size-default\">Francesco<\/h2>\t\t\t\t<\/div>\n\t\t\t\t<\/div>\n\t\t\t\t<\/div>\n\t\t\t\t<\/div>\n\t\t\t\t<div class=\"elementor-element elementor-element-4b7f2a6 elementor-widget elementor-widget-text-editor\" data-id=\"4b7f2a6\" data-element_type=\"widget\" data-e-type=\"widget\" data-widget_type=\"text-editor.default\">\n\t\t\t\t<div class=\"elementor-widget-container\">\n\t\t\t\t\t\t\t\t\t<em>Capitaine et propri\u00e9taire<\/em>\t\t\t\t\t\t\t\t<\/div>\n\t\t\t\t<\/div>\n\t\t<div class=\"elementor-element elementor-element-9438340 e-con-full elementor-hidden-desktop e-flex e-con e-child\" data-id=\"9438340\" data-element_type=\"container\" data-e-type=\"container\" data-settings=\"{&quot;background_background&quot;:&quot;classic&quot;}\">\n\t\t\t\t<\/div>\n\t\t\t\t<div class=\"elementor-element elementor-element-24584c1 elementor-widget elementor-widget-text-editor\" data-id=\"24584c1\" data-element_type=\"widget\" data-e-type=\"widget\" data-widget_type=\"text-editor.default\">\n\t\t\t\t<div class=\"elementor-widget-container\">\n\t\t\t\t\t\t\t\t\t<p><strong>Francesco<\/strong> est aujourd\u2019hui le <strong>superviseur technique et op\u00e9rationnel de la flotte Nababbo<\/strong>. C\u2019est lui qui contr\u00f4le, v\u00e9rifie, anticipe les probl\u00e8mes et veille \u00e0 ce que chaque bateau, chaque sortie et chaque exp\u00e9rience respectent les plus hauts standards de s\u00e9curit\u00e9, de fiabilit\u00e9 et de performance. En bref : si tout fonctionne parfaitement, c\u2019est gr\u00e2ce \u00e0 lui.<\/p><p>Il s\u2019autorise aussi \u00e0 \u00eatre le seul capitaine de l\u2019amour de sa vie. (Non, ce n\u2019est pas Giulia\u2026 c\u2019est \u00ab Nababbo \u00bb.)<\/p><p><strong>Il navigue depuis toujours<\/strong>. Des bateaux familiaux aux unit\u00e9s hauturi\u00e8res, des r\u00e9gates en M\u00e9diterran\u00e9e au commandement de yachts \u00e0 moteur, Francesco apporte avec lui une exp\u00e9rience concr\u00e8te, technique et v\u00e9cue en mer \u2014 jamais th\u00e9orique.<\/p><p>Il poss\u00e8de <strong>les licences et certifications professionnelles les plus \u00e9lev\u00e9es pour la navigation, \u00e0 la voile comme au moteur<\/strong>, et il est la r\u00e9f\u00e9rence absolue pour tout ce qui concerne la mer, les bateaux, la m\u00e9t\u00e9o, les itin\u00e9raires, la s\u00e9curit\u00e9 et la gestion \u00e0 bord.<\/p><p>Mais ce qui le distingue peut-\u00eatre plus que tout le reste, c\u2019est une chose : il n\u2019existe aucune question \u00e0 laquelle Francesco ne puisse r\u00e9pondre.<\/p><p>Et vous ne le trouverez jamais pris au d\u00e9pourvu.<\/p>\t\t\t\t\t\t\t\t<\/div>\n\t\t\t\t<\/div>\n\t\t\t\t<\/div>\n\t\t\t\t<\/div>\n\t\t\t\t\t<\/div>\n\t\t\t\t<\/div>\n\t\t<div class=\"elementor-element elementor-element-d3bc4b7 e-con-full e-flex e-con e-child\" data-id=\"d3bc4b7\" data-element_type=\"container\" data-e-type=\"container\">\n\t\t\t\t<div class=\"elementor-element elementor-element-9965d72 elementor-widget__width-initial elementor-widget elementor-widget-image\" data-id=\"9965d72\" data-element_type=\"widget\" data-e-type=\"widget\" data-widget_type=\"image.default\">\n\t\t\t\t<div class=\"elementor-widget-container\">\n\t\t\t\t\t\t\t\t\t\t\t\t\t\t\t<img fetchpriority=\"high\" decoding=\"async\" width=\"987\" height=\"250\" src=\"https:\/\/nababboyachtcharter.com\/wp-content\/uploads\/2026\/03\/logo-supernova-1.png\" class=\"attachment-full size-full wp-image-5607\" alt=\"\" srcset=\"https:\/\/nababboyachtcharter.com\/wp-content\/uploads\/2026\/03\/logo-supernova-1.png 987w, https:\/\/nababboyachtcharter.com\/wp-content\/uploads\/2026\/03\/logo-supernova-1-300x76.png 300w, https:\/\/nababboyachtcharter.com\/wp-content\/uploads\/2026\/03\/logo-supernova-1-768x195.png 768w\" sizes=\"(max-width: 987px) 100vw, 987px\" \/>\t\t\t\t\t\t\t\t\t\t\t\t\t\t\t<\/div>\n\t\t\t\t<\/div>\n\t\t\t\t<div class=\"elementor-element elementor-element-b0c005b elementor-widget__width-initial elementor-widget elementor-widget-image\" data-id=\"b0c005b\" data-element_type=\"widget\" data-e-type=\"widget\" data-widget_type=\"image.default\">\n\t\t\t\t<div class=\"elementor-widget-container\">\n\t\t\t\t\t\t\t\t\t\t\t\t\t\t\t<img decoding=\"async\" width=\"182\" height=\"293\" src=\"https:\/\/nababboyachtcharter.com\/wp-content\/uploads\/2026\/03\/logo-golf-sestrieres-1.png\" class=\"attachment-full size-full wp-image-5610\" alt=\"\" \/>\t\t\t\t\t\t\t\t\t\t\t\t\t\t\t<\/div>\n\t\t\t\t<\/div>\n\t\t\t\t<div class=\"elementor-element elementor-element-cac0e59 elementor-widget__width-initial elementor-widget elementor-widget-image\" data-id=\"cac0e59\" data-element_type=\"widget\" data-e-type=\"widget\" data-widget_type=\"image.default\">\n\t\t\t\t<div class=\"elementor-widget-container\">\n\t\t\t\t\t\t\t\t\t\t\t\t\t\t\t<img loading=\"lazy\" decoding=\"async\" width=\"348\" height=\"226\" src=\"https:\/\/nababboyachtcharter.com\/wp-content\/uploads\/2026\/03\/nababbo-about-logo-5.png\" class=\"attachment-full size-full wp-image-5524\" alt=\"\" srcset=\"https:\/\/nababboyachtcharter.com\/wp-content\/uploads\/2026\/03\/nababbo-about-logo-5.png 348w, https:\/\/nababboyachtcharter.com\/wp-content\/uploads\/2026\/03\/nababbo-about-logo-5-300x195.png 300w\" sizes=\"(max-width: 348px) 100vw, 348px\" \/>\t\t\t\t\t\t\t\t\t\t\t\t\t\t\t<\/div>\n\t\t\t\t<\/div>\n\t\t\t\t<div class=\"elementor-element elementor-element-c602e5e elementor-widget__width-initial elementor-widget elementor-widget-image\" data-id=\"c602e5e\" data-element_type=\"widget\" data-e-type=\"widget\" data-widget_type=\"image.default\">\n\t\t\t\t<div class=\"elementor-widget-container\">\n\t\t\t\t\t\t\t\t\t\t\t\t\t\t\t<img loading=\"lazy\" decoding=\"async\" width=\"102\" height=\"230\" src=\"https:\/\/nababboyachtcharter.com\/wp-content\/uploads\/2026\/03\/nababbo-about-logo-7-1.png\" class=\"attachment-full size-full wp-image-5527\" alt=\"\" \/>\t\t\t\t\t\t\t\t\t\t\t\t\t\t\t<\/div>\n\t\t\t\t<\/div>\n\t\t\t\t<\/div>\n\t\t\t\t\t<\/div>\n\t\t\t\t<\/main>\n\t\t\t\t<\/div>\n\t\t","protected":false},"excerpt":{"rendered":"<p>Bienvenue \u00e0 Nababbo Nababbo n\u2019est pas seulement un service de charter. C\u2019est une fa\u00e7on de vivre la mer. Tout est n\u00e9 d\u2019une histoire vraie, fa\u00e7onn\u00e9e par la passion, des choix audacieux et des milles r\u00e9ellement v\u00e9cus en mer. Giulia et Francesco n\u2019ont pas cr\u00e9\u00e9 Nababbo pour \u00ab louer des bateaux \u00bb, mais pour transformer chaque [&hellip;]<\/p>\n","protected":false},"author":1,"featured_media":0,"parent":0,"menu_order":0,"comment_status":"closed","ping_status":"closed","template":"","meta":{"_acf_changed":false,"footnotes":""},"class_list":["post-2608","page","type-page","status-publish","hentry"],"acf":[],"_links":{"self":[{"href":"https:\/\/nababboyachtcharter.com\/fr\/wp-json\/wp\/v2\/pages\/2608","targetHints":{"allow":["GET"]}}],"collection":[{"href":"https:\/\/nababboyachtcharter.com\/fr\/wp-json\/wp\/v2\/pages"}],"about":[{"href":"https:\/\/nababboyachtcharter.com\/fr\/wp-json\/wp\/v2\/types\/page"}],"author":[{"embeddable":true,"href":"https:\/\/nababboyachtcharter.com\/fr\/wp-json\/wp\/v2\/users\/1"}],"replies":[{"embeddable":true,"href":"https:\/\/nababboyachtcharter.com\/fr\/wp-json\/wp\/v2\/comments?post=2608"}],"version-history":[{"count":23,"href":"https:\/\/nababboyachtcharter.com\/fr\/wp-json\/wp\/v2\/pages\/2608\/revisions"}],"predecessor-version":[{"id":5615,"href":"https:\/\/nababboyachtcharter.com\/fr\/wp-json\/wp\/v2\/pages\/2608\/revisions\/5615"}],"wp:attachment":[{"href":"https:\/\/nababboyachtcharter.com\/fr\/wp-json\/wp\/v2\/media?parent=2608"}],"curies":[{"name":"wp","href":"https:\/\/api.w.org\/{rel}","templated":true}]}}